{"id":512,"date":"2023-05-10T15:47:31","date_gmt":"2023-05-10T13:47:31","guid":{"rendered":"https:\/\/ticinoweb02.jcloud.ik-server.com\/hotelgamper\/restaurant\/"},"modified":"2023-05-10T17:53:59","modified_gmt":"2023-05-10T15:53:59","slug":"restaurant","status":"publish","type":"page","link":"https:\/\/hotel-gamper.ch\/de\/restaurant\/","title":{"rendered":"Restaurant"},"content":{"rendered":"\t\t<div data-elementor-type=\"wp-page\" data-elementor-id=\"512\" class=\"elementor elementor-512 elementor-203\" data-elementor-settings=\"{&quot;ha_cmc_init_switcher&quot;:&quot;no&quot;}\" data-elementor-post-type=\"page\">\n\t\t\t\t\t\t<section class=\"elementor-section elementor-top-section elementor-element elementor-element-5e1ba691 elementor-section-boxed elementor-section-height-default elementor-section-height-default\" data-id=\"5e1ba691\" data-element_type=\"section\" data-e-type=\"section\" data-settings=\"{&quot;background_background&quot;:&quot;classic&quot;,&quot;_ha_eqh_enable&quot;:false}\">\n\t\t\t\t\t\t\t<div class=\"elementor-background-overlay\"><\/div>\n\t\t\t\t\t\t\t<div class=\"elementor-container elementor-column-gap-default\">\n\t\t\t\t\t<div class=\"elementor-column elementor-col-100 elementor-top-column elementor-element elementor-element-73d2cc81\" data-id=\"73d2cc81\" data-element_type=\"column\" data-e-type=\"column\">\n\t\t\t<div class=\"elementor-widget-wrap elementor-element-populated\">\n\t\t\t\t\t\t<section class=\"elementor-section elementor-inner-section elementor-element elementor-element-109b3be1 elementor-section-full_width elementor-section-height-default elementor-section-height-default\" data-id=\"109b3be1\" data-element_type=\"section\" data-e-type=\"section\" data-settings=\"{&quot;_ha_eqh_enable&quot;:false}\">\n\t\t\t\t\t\t<div class=\"elementor-container elementor-column-gap-default\">\n\t\t\t\t\t<div class=\"elementor-column elementor-col-50 elementor-inner-column elementor-element elementor-element-7d08d843\" data-id=\"7d08d843\" data-element_type=\"column\" data-e-type=\"column\">\n\t\t\t<div class=\"elementor-widget-wrap elementor-element-populated\">\n\t\t\t\t\t\t<div class=\"elementor-element elementor-element-406d43ff elementor-widget elementor-widget-ha-page-title happy-addon ha-page-title\" data-id=\"406d43ff\" data-element_type=\"widget\" data-e-type=\"widget\" data-widget_type=\"ha-page-title.default\">\n\t\t\t\t<div class=\"elementor-widget-container\">\n\t\t\t\t\t<h1 class=\"ha-page-title elementor-size-default\">Restaurant<\/h1>\t\t\t\t<\/div>\n\t\t\t\t<\/div>\n\t\t\t\t\t<\/div>\n\t\t<\/div>\n\t\t\t\t<div class=\"elementor-column elementor-col-50 elementor-inner-column elementor-element elementor-element-21da75c\" data-id=\"21da75c\" data-element_type=\"column\" data-e-type=\"column\">\n\t\t\t<div class=\"elementor-widget-wrap\">\n\t\t\t\t\t\t\t<\/div>\n\t\t<\/div>\n\t\t\t\t\t<\/div>\n\t\t<\/section>\n\t\t\t\t\t<\/div>\n\t\t<\/div>\n\t\t\t\t\t<\/div>\n\t\t<\/section>\n\t\t\t\t<section class=\"elementor-section elementor-top-section elementor-element elementor-element-6b2a6d5c elementor-reverse-tablet elementor-reverse-mobile elementor-section-boxed elementor-section-height-default elementor-section-height-default\" data-id=\"6b2a6d5c\" data-element_type=\"section\" data-e-type=\"section\" data-settings=\"{&quot;_ha_eqh_enable&quot;:false}\">\n\t\t\t\t\t\t<div class=\"elementor-container elementor-column-gap-default\">\n\t\t\t\t\t<div class=\"elementor-column elementor-col-50 elementor-top-column elementor-element elementor-element-42b0a40c\" data-id=\"42b0a40c\" data-element_type=\"column\" data-e-type=\"column\">\n\t\t\t<div class=\"elementor-widget-wrap elementor-element-populated\">\n\t\t\t\t\t\t<div class=\"elementor-element elementor-element-56707bb2 elementor-invisible elementor-widget elementor-widget-heading\" data-id=\"56707bb2\" data-element_type=\"widget\" data-e-type=\"widget\" data-settings=\"{&quot;_animation&quot;:&quot;fadeInUp&quot;}\" data-widget_type=\"heading.default\">\n\t\t\t\t<div class=\"elementor-widget-container\">\n\t\t\t\t\t<h2 class=\"elementor-heading-title elementor-size-default\">RIO GRANDE<\/h2>\t\t\t\t<\/div>\n\t\t\t\t<\/div>\n\t\t\t\t<div class=\"elementor-element elementor-element-24e6ad5a elementor-invisible elementor-widget elementor-widget-heading\" data-id=\"24e6ad5a\" data-element_type=\"widget\" data-e-type=\"widget\" data-settings=\"{&quot;_animation&quot;:&quot;fadeInUp&quot;,&quot;_animation_delay&quot;:200}\" data-widget_type=\"heading.default\">\n\t\t\t\t<div class=\"elementor-widget-container\">\n\t\t\t\t\t<h3 class=\"elementor-heading-title elementor-size-default\">Restaurant<\/h3>\t\t\t\t<\/div>\n\t\t\t\t<\/div>\n\t\t\t\t<div class=\"elementor-element elementor-element-3bb6b80f elementor-widget elementor-widget-text-editor\" data-id=\"3bb6b80f\" data-element_type=\"widget\" data-e-type=\"widget\" data-widget_type=\"text-editor.default\">\n\t\t\t\t<div class=\"elementor-widget-container\">\n\t\t\t\t\t\t\t\t\t<p>Willkommen im italienischen Restaurant im Hotel Gamper! Wir bieten eine gro\u00dfe Auswahl an traditionellen italienischen Gerichten, die mit gesunden und frischen Zutaten von unseren vertrauensw\u00fcrdigen lokalen Lieferanten zubereitet werden. Wir sind ein gem\u00fctlicher und intimer Ort, ideal f\u00fcr romantische Abendessen oder Familienessen. Auf unserer Speisekarte finden Sie au\u00dfergew\u00f6hnliche Vorspeisen wie Rindercarpaccio mit Parmesansp\u00e4nen, k\u00f6stliche erste G\u00e4nge wie Pasta mit Venusmuscheln und K\u00fcrbistortellini und saftige Hauptgerichte wie Schweinefilet mit Balsamico-Essig und Tagliata di manzo mit Rucola und Parmesan. Auch f\u00fcr Vegetarier bieten wir viele leckere Optionen wie Aubergine Parmigiana und Tomatenbruschetta. Vergessen Sie nicht, Ihr Erlebnis mit unserem besonderen Dessert, dem hausgemachten Tiramisu, abzuschlie\u00dfen! Besuchen Sie uns und genie\u00dfen Sie ein authentisches St\u00fcck Italien bei Gamper!<\/p>\n\t\t\t\t\t\t\t\t<\/div>\n\t\t\t\t<\/div>\n\t\t\t\t\t<\/div>\n\t\t<\/div>\n\t\t\t\t<div class=\"elementor-column elementor-col-50 elementor-top-column elementor-element elementor-element-2b6fa919\" data-id=\"2b6fa919\" data-element_type=\"column\" data-e-type=\"column\">\n\t\t\t<div class=\"elementor-widget-wrap elementor-element-populated\">\n\t\t\t\t\t\t<div class=\"elementor-element elementor-element-4ebbeb3e elementor-widget__width-initial elementor-absolute e-transform elementor-widget elementor-widget-image\" data-id=\"4ebbeb3e\" data-element_type=\"widget\" data-e-type=\"widget\" data-settings=\"{&quot;_position&quot;:&quot;absolute&quot;,&quot;_transform_rotateZ_effect&quot;:{&quot;unit&quot;:&quot;px&quot;,&quot;size&quot;:90,&quot;sizes&quot;:[]},&quot;_transform_rotateZ_effect_tablet&quot;:{&quot;unit&quot;:&quot;deg&quot;,&quot;size&quot;:&quot;&quot;,&quot;sizes&quot;:[]},&quot;_transform_rotateZ_effect_mobile&quot;:{&quot;unit&quot;:&quot;deg&quot;,&quot;size&quot;:&quot;&quot;,&quot;sizes&quot;:[]}}\" data-widget_type=\"image.default\">\n\t\t\t\t<div class=\"elementor-widget-container\">\n\t\t\t\t\t\t\t\t\t\t\t\t\t\t\t<img fetchpriority=\"high\" decoding=\"async\" width=\"449\" height=\"287\" src=\"https:\/\/hotel-gamper.ch\/wp-content\/uploads\/sites\/97\/2023\/05\/dot-smoke-1.png\" class=\"attachment-large size-large wp-image-263\" alt=\"\" srcset=\"https:\/\/hotel-gamper.ch\/wp-content\/uploads\/sites\/97\/2023\/05\/dot-smoke-1.png 449w, https:\/\/hotel-gamper.ch\/wp-content\/uploads\/sites\/97\/2023\/05\/dot-smoke-1-300x192.png 300w\" sizes=\"(max-width: 449px) 100vw, 449px\" \/>\t\t\t\t\t\t\t\t\t\t\t\t\t\t\t<\/div>\n\t\t\t\t<\/div>\n\t\t\t\t<div class=\"elementor-element elementor-element-0a3a424 elementor-widget__width-initial elementor-widget elementor-widget-image\" data-id=\"0a3a424\" data-element_type=\"widget\" data-e-type=\"widget\" data-widget_type=\"image.default\">\n\t\t\t\t<div class=\"elementor-widget-container\">\n\t\t\t\t\t\t\t\t\t\t\t\t\t\t\t<img decoding=\"async\" width=\"800\" height=\"600\" src=\"https:\/\/hotel-gamper.ch\/wp-content\/uploads\/sites\/97\/2023\/05\/341972002-1024x768.jpg\" class=\"attachment-large size-large wp-image-452\" alt=\"\" srcset=\"https:\/\/hotel-gamper.ch\/wp-content\/uploads\/sites\/97\/2023\/05\/341972002-1024x768.jpg 1024w, https:\/\/hotel-gamper.ch\/wp-content\/uploads\/sites\/97\/2023\/05\/341972002-300x225.jpg 300w, https:\/\/hotel-gamper.ch\/wp-content\/uploads\/sites\/97\/2023\/05\/341972002-768x576.jpg 768w, https:\/\/hotel-gamper.ch\/wp-content\/uploads\/sites\/97\/2023\/05\/341972002.jpg 1200w\" sizes=\"(max-width: 800px) 100vw, 800px\" \/>\t\t\t\t\t\t\t\t\t\t\t\t\t\t\t<\/div>\n\t\t\t\t<\/div>\n\t\t\t\t\t<\/div>\n\t\t<\/div>\n\t\t\t\t\t<\/div>\n\t\t<\/section>\n\t\t\t\t<\/div>\n\t\t","protected":false},"excerpt":{"rendered":"<p>RIO GRANDE Restaurant Willkommen im italienischen Restaurant im Hotel Gamper! Wir bieten eine gro\u00dfe Auswahl an traditionellen italienischen Gerichten, die mit gesunden und frischen Zutaten von unseren vertrauensw\u00fcrdigen lokalen Lieferanten zubereitet werden. Wir sind ein gem\u00fctlicher und intimer Ort, ideal f\u00fcr romantische Abendessen oder Familienessen. Auf unserer Speisekarte finden Sie au\u00dfergew\u00f6hnliche Vorspeisen wie Rindercarpaccio mit [&hellip;]<\/p>\n","protected":false},"author":3,"featured_media":0,"parent":0,"menu_order":0,"comment_status":"closed","ping_status":"open","template":"elementor_header_footer","meta":{"_acf_changed":false,"_seopress_robots_primary_cat":"","_seopress_titles_title":"","_seopress_titles_desc":"","_seopress_robots_index":"","footnotes":""},"class_list":["post-512","page","type-page","status-publish","hentry"],"acf":[],"_links":{"self":[{"href":"https:\/\/hotel-gamper.ch\/de\/wp-json\/wp\/v2\/pages\/512","targetHints":{"allow":["GET"]}}],"collection":[{"href":"https:\/\/hotel-gamper.ch\/de\/wp-json\/wp\/v2\/pages"}],"about":[{"href":"https:\/\/hotel-gamper.ch\/de\/wp-json\/wp\/v2\/types\/page"}],"author":[{"embeddable":true,"href":"https:\/\/hotel-gamper.ch\/de\/wp-json\/wp\/v2\/users\/3"}],"replies":[{"embeddable":true,"href":"https:\/\/hotel-gamper.ch\/de\/wp-json\/wp\/v2\/comments?post=512"}],"version-history":[{"count":0,"href":"https:\/\/hotel-gamper.ch\/de\/wp-json\/wp\/v2\/pages\/512\/revisions"}],"wp:attachment":[{"href":"https:\/\/hotel-gamper.ch\/de\/wp-json\/wp\/v2\/media?parent=512"}],"curies":[{"name":"wp","href":"https:\/\/api.w.org\/{rel}","templated":true}]}}