{"id":611,"date":"2023-05-10T15:12:22","date_gmt":"2023-05-10T13:12:22","guid":{"rendered":"https:\/\/ticinoweb02.jcloud.ik-server.com\/hotelgamper\/chambres\/"},"modified":"2023-05-11T10:19:33","modified_gmt":"2023-05-11T08:19:33","slug":"chambres","status":"publish","type":"page","link":"https:\/\/hotel-gamper.ch\/fr\/chambres\/","title":{"rendered":"Chambres"},"content":{"rendered":"\t\t<div data-elementor-type=\"wp-page\" data-elementor-id=\"611\" class=\"elementor elementor-611 elementor-194\" data-elementor-settings=\"{&quot;ha_cmc_init_switcher&quot;:&quot;no&quot;}\" data-elementor-post-type=\"page\">\n\t\t\t\t\t\t<section class=\"elementor-section elementor-top-section elementor-element elementor-element-23091cea elementor-section-boxed elementor-section-height-default elementor-section-height-default\" data-id=\"23091cea\" data-element_type=\"section\" data-e-type=\"section\" data-settings=\"{&quot;background_background&quot;:&quot;classic&quot;,&quot;_ha_eqh_enable&quot;:false}\">\n\t\t\t\t\t\t\t<div class=\"elementor-background-overlay\"><\/div>\n\t\t\t\t\t\t\t<div class=\"elementor-container elementor-column-gap-default\">\n\t\t\t\t\t<div class=\"elementor-column elementor-col-100 elementor-top-column elementor-element elementor-element-a2bd68\" data-id=\"a2bd68\" data-element_type=\"column\" data-e-type=\"column\">\n\t\t\t<div class=\"elementor-widget-wrap elementor-element-populated\">\n\t\t\t\t\t\t<section class=\"elementor-section elementor-inner-section elementor-element elementor-element-194e2e80 elementor-section-full_width elementor-section-height-default elementor-section-height-default\" data-id=\"194e2e80\" data-element_type=\"section\" data-e-type=\"section\" data-settings=\"{&quot;_ha_eqh_enable&quot;:false}\">\n\t\t\t\t\t\t<div class=\"elementor-container elementor-column-gap-default\">\n\t\t\t\t\t<div class=\"elementor-column elementor-col-50 elementor-inner-column elementor-element elementor-element-2459ca38\" data-id=\"2459ca38\" data-element_type=\"column\" data-e-type=\"column\">\n\t\t\t<div class=\"elementor-widget-wrap elementor-element-populated\">\n\t\t\t\t\t\t<div class=\"elementor-element elementor-element-33690afe elementor-widget elementor-widget-ha-page-title happy-addon ha-page-title\" data-id=\"33690afe\" data-element_type=\"widget\" data-e-type=\"widget\" data-widget_type=\"ha-page-title.default\">\n\t\t\t\t<div class=\"elementor-widget-container\">\n\t\t\t\t\t<h1 class=\"ha-page-title elementor-size-default\">Chambres<\/h1>\t\t\t\t<\/div>\n\t\t\t\t<\/div>\n\t\t\t\t\t<\/div>\n\t\t<\/div>\n\t\t\t\t<div class=\"elementor-column elementor-col-50 elementor-inner-column elementor-element elementor-element-23508d89\" data-id=\"23508d89\" data-element_type=\"column\" data-e-type=\"column\">\n\t\t\t<div class=\"elementor-widget-wrap\">\n\t\t\t\t\t\t\t<\/div>\n\t\t<\/div>\n\t\t\t\t\t<\/div>\n\t\t<\/section>\n\t\t\t\t\t<\/div>\n\t\t<\/div>\n\t\t\t\t\t<\/div>\n\t\t<\/section>\n\t\t\t\t<section class=\"elementor-section elementor-top-section elementor-element elementor-element-4a932749 elementor-section-boxed elementor-section-height-default elementor-section-height-default\" data-id=\"4a932749\" data-element_type=\"section\" data-e-type=\"section\" data-settings=\"{&quot;background_background&quot;:&quot;classic&quot;,&quot;_ha_eqh_enable&quot;:false}\">\n\t\t\t\t\t\t<div class=\"elementor-container elementor-column-gap-no\">\n\t\t\t\t\t<div class=\"elementor-column elementor-col-100 elementor-top-column elementor-element elementor-element-4752e91b\" data-id=\"4752e91b\" data-element_type=\"column\" data-e-type=\"column\">\n\t\t\t<div class=\"elementor-widget-wrap elementor-element-populated\">\n\t\t\t\t\t\t<section class=\"elementor-section elementor-inner-section elementor-element elementor-element-4009ba21 elementor-section-boxed elementor-section-height-default elementor-section-height-default\" data-id=\"4009ba21\" data-element_type=\"section\" data-e-type=\"section\" data-settings=\"{&quot;_ha_eqh_enable&quot;:false}\">\n\t\t\t\t\t\t<div class=\"elementor-container elementor-column-gap-no\">\n\t\t\t\t\t<div class=\"elementor-column elementor-col-100 elementor-inner-column elementor-element elementor-element-3bc698bf\" data-id=\"3bc698bf\" data-element_type=\"column\" data-e-type=\"column\">\n\t\t\t<div class=\"elementor-widget-wrap elementor-element-populated\">\n\t\t\t\t\t\t<div class=\"elementor-element elementor-element-41003eb1 elementor-invisible elementor-widget elementor-widget-heading\" data-id=\"41003eb1\" data-element_type=\"widget\" data-e-type=\"widget\" data-settings=\"{&quot;_animation&quot;:&quot;fadeInUp&quot;}\" data-widget_type=\"heading.default\">\n\t\t\t\t<div class=\"elementor-widget-container\">\n\t\t\t\t\t<h2 class=\"elementor-heading-title elementor-size-default\">D\u00e9couvrez nos chambres<\/h2>\t\t\t\t<\/div>\n\t\t\t\t<\/div>\n\t\t\t\t<div class=\"elementor-element elementor-element-33900936 elementor-widget__width-initial elementor-absolute elementor-widget elementor-widget-image\" data-id=\"33900936\" data-element_type=\"widget\" data-e-type=\"widget\" data-settings=\"{&quot;_position&quot;:&quot;absolute&quot;}\" data-widget_type=\"image.default\">\n\t\t\t\t<div class=\"elementor-widget-container\">\n\t\t\t\t\t\t\t\t\t\t\t\t\t\t\t<img fetchpriority=\"high\" decoding=\"async\" width=\"449\" height=\"287\" src=\"https:\/\/hotel-gamper.ch\/wp-content\/uploads\/sites\/97\/2023\/05\/dot-smoke-1.png\" class=\"attachment-large size-large wp-image-530\" alt=\"\" srcset=\"https:\/\/hotel-gamper.ch\/wp-content\/uploads\/sites\/97\/2023\/05\/dot-smoke-1.png 449w, https:\/\/hotel-gamper.ch\/wp-content\/uploads\/sites\/97\/2023\/05\/dot-smoke-1-300x192.png 300w\" sizes=\"(max-width: 449px) 100vw, 449px\" \/>\t\t\t\t\t\t\t\t\t\t\t\t\t\t\t<\/div>\n\t\t\t\t<\/div>\n\t\t\t\t<div class=\"elementor-element elementor-element-62c15c13 elementor-invisible elementor-widget elementor-widget-heading\" data-id=\"62c15c13\" data-element_type=\"widget\" data-e-type=\"widget\" data-settings=\"{&quot;_animation&quot;:&quot;fadeInUp&quot;,&quot;_animation_delay&quot;:200}\" data-widget_type=\"heading.default\">\n\t\t\t\t<div class=\"elementor-widget-container\">\n\t\t\t\t\t<h3 class=\"elementor-heading-title elementor-size-default\">D\u00e9couvrez et v\u00e9rifiez la disponibilit\u00e9 des chambres<\/h3>\t\t\t\t<\/div>\n\t\t\t\t<\/div>\n\t\t\t\t\t<\/div>\n\t\t<\/div>\n\t\t\t\t\t<\/div>\n\t\t<\/section>\n\t\t\t\t<div class=\"elementor-element elementor-element-e45ddb2 elementor-grid-3 elementor-grid-tablet-2 elementor-grid-mobile-1 elementor-posts--thumbnail-top elementor-card-shadow-yes elementor-posts__hover-gradient elementor-widget elementor-widget-posts\" data-id=\"e45ddb2\" data-element_type=\"widget\" data-e-type=\"widget\" data-settings=\"{&quot;cards_columns&quot;:&quot;3&quot;,&quot;cards_columns_tablet&quot;:&quot;2&quot;,&quot;cards_columns_mobile&quot;:&quot;1&quot;,&quot;cards_row_gap&quot;:{&quot;unit&quot;:&quot;px&quot;,&quot;size&quot;:35,&quot;sizes&quot;:[]},&quot;cards_row_gap_tablet&quot;:{&quot;unit&quot;:&quot;px&quot;,&quot;size&quot;:&quot;&quot;,&quot;sizes&quot;:[]},&quot;cards_row_gap_mobile&quot;:{&quot;unit&quot;:&quot;px&quot;,&quot;size&quot;:&quot;&quot;,&quot;sizes&quot;:[]}}\" data-widget_type=\"posts.cards\">\n\t\t\t\t<div class=\"elementor-widget-container\">\n\t\t\t\t\t\t\t<div class=\"elementor-posts-container elementor-posts elementor-posts--skin-cards elementor-grid\" role=\"list\">\n\t\t\t\t<article class=\"elementor-post elementor-grid-item post-666 camera type-camera status-publish has-post-thumbnail hentry\" role=\"listitem\">\n\t\t\t<div class=\"elementor-post__card\">\n\t\t\t\t<a class=\"elementor-post__thumbnail__link\" href=\"https:\/\/hotel-gamper.ch\/fr\/camera\/chambre-simple-avec-terrasse\/\" tabindex=\"-1\" ><div class=\"elementor-post__thumbnail\"><img decoding=\"async\" width=\"225\" height=\"300\" src=\"https:\/\/hotel-gamper.ch\/wp-content\/uploads\/sites\/97\/2023\/05\/291642096-225x300.jpg\" class=\"attachment-medium size-medium wp-image-591\" alt=\"\" srcset=\"https:\/\/hotel-gamper.ch\/wp-content\/uploads\/sites\/97\/2023\/05\/291642096-225x300.jpg 225w, https:\/\/hotel-gamper.ch\/wp-content\/uploads\/sites\/97\/2023\/05\/291642096.jpg 675w\" sizes=\"(max-width: 225px) 100vw, 225px\" \/><\/div><\/a>\n\t\t\t\t<div class=\"elementor-post__text\">\n\t\t\t\t<h3 class=\"elementor-post__title\">\n\t\t\t<a href=\"https:\/\/hotel-gamper.ch\/fr\/camera\/chambre-simple-avec-terrasse\/\" >\n\t\t\t\tChambre simple avec terrasse\t\t\t<\/a>\n\t\t<\/h3>\n\t\t\t\t<div class=\"elementor-post__excerpt\">\n\t\t\t<p>Lorem ipsum dolor sit amet, consectetur adipiscing elit. Phasellus ut volutpat dui. Aenean nibh odio, fermentum ultricies sapien nec, fringilla cursus ante. Fusce auctor purus<\/p>\n\t\t<\/div>\n\t\t\n\t\t<a class=\"elementor-post__read-more\" href=\"https:\/\/hotel-gamper.ch\/fr\/camera\/chambre-simple-avec-terrasse\/\" aria-label=\"En savoir plus sur Chambre simple avec terrasse\" tabindex=\"-1\" >\n\t\t\tEn savoir plus \"\t\t<\/a>\n\n\t\t\t\t<\/div>\n\t\t\t\t\t<\/div>\n\t\t<\/article>\n\t\t\t\t<article class=\"elementor-post elementor-grid-item post-667 camera type-camera status-publish has-post-thumbnail hentry\" role=\"listitem\">\n\t\t\t<div class=\"elementor-post__card\">\n\t\t\t\t<a class=\"elementor-post__thumbnail__link\" href=\"https:\/\/hotel-gamper.ch\/fr\/camera\/chambre-familiale-standard\/\" tabindex=\"-1\" ><div class=\"elementor-post__thumbnail\"><img decoding=\"async\" width=\"300\" height=\"225\" src=\"https:\/\/hotel-gamper.ch\/wp-content\/uploads\/sites\/97\/2023\/05\/299326882-300x225.jpg\" class=\"attachment-medium size-medium wp-image-580\" alt=\"\" srcset=\"https:\/\/hotel-gamper.ch\/wp-content\/uploads\/sites\/97\/2023\/05\/299326882-300x225.jpg 300w, https:\/\/hotel-gamper.ch\/wp-content\/uploads\/sites\/97\/2023\/05\/299326882-1024x768.jpg 1024w, https:\/\/hotel-gamper.ch\/wp-content\/uploads\/sites\/97\/2023\/05\/299326882-768x576.jpg 768w, https:\/\/hotel-gamper.ch\/wp-content\/uploads\/sites\/97\/2023\/05\/299326882.jpg 1200w\" sizes=\"(max-width: 300px) 100vw, 300px\" \/><\/div><\/a>\n\t\t\t\t<div class=\"elementor-post__text\">\n\t\t\t\t<h3 class=\"elementor-post__title\">\n\t\t\t<a href=\"https:\/\/hotel-gamper.ch\/fr\/camera\/chambre-familiale-standard\/\" >\n\t\t\t\tChambre familiale standard\t\t\t<\/a>\n\t\t<\/h3>\n\t\t\t\t<div class=\"elementor-post__excerpt\">\n\t\t\t<p>Lorem ipsum dolor sit amet, consectetur adipiscing elit. Phasellus ut volutpat dui. Aenean nibh odio, fermentum ultricies sapien nec, fringilla cursus ante. Fusce auctor purus<\/p>\n\t\t<\/div>\n\t\t\n\t\t<a class=\"elementor-post__read-more\" href=\"https:\/\/hotel-gamper.ch\/fr\/camera\/chambre-familiale-standard\/\" aria-label=\"En savoir plus sur Chambre familiale standard\" tabindex=\"-1\" >\n\t\t\tEn savoir plus \"\t\t<\/a>\n\n\t\t\t\t<\/div>\n\t\t\t\t\t<\/div>\n\t\t<\/article>\n\t\t\t\t<article class=\"elementor-post elementor-grid-item post-661 camera type-camera status-publish has-post-thumbnail hentry\" role=\"listitem\">\n\t\t\t<div class=\"elementor-post__card\">\n\t\t\t\t<a class=\"elementor-post__thumbnail__link\" href=\"https:\/\/hotel-gamper.ch\/fr\/camera\/chambre-double-avec-terrasse\/\" tabindex=\"-1\" ><div class=\"elementor-post__thumbnail\"><img loading=\"lazy\" decoding=\"async\" width=\"300\" height=\"225\" src=\"https:\/\/hotel-gamper.ch\/wp-content\/uploads\/sites\/97\/2023\/05\/257317911-1-300x225.jpg\" class=\"attachment-medium size-medium wp-image-575\" alt=\"\" srcset=\"https:\/\/hotel-gamper.ch\/wp-content\/uploads\/sites\/97\/2023\/05\/257317911-1-300x225.jpg 300w, https:\/\/hotel-gamper.ch\/wp-content\/uploads\/sites\/97\/2023\/05\/257317911-1-1024x768.jpg 1024w, https:\/\/hotel-gamper.ch\/wp-content\/uploads\/sites\/97\/2023\/05\/257317911-1-768x576.jpg 768w, https:\/\/hotel-gamper.ch\/wp-content\/uploads\/sites\/97\/2023\/05\/257317911-1.jpg 1200w\" sizes=\"(max-width: 300px) 100vw, 300px\" \/><\/div><\/a>\n\t\t\t\t<div class=\"elementor-post__text\">\n\t\t\t\t<h3 class=\"elementor-post__title\">\n\t\t\t<a href=\"https:\/\/hotel-gamper.ch\/fr\/camera\/chambre-double-avec-terrasse\/\" >\n\t\t\t\tChambre double avec terrasse\t\t\t<\/a>\n\t\t<\/h3>\n\t\t\t\t<div class=\"elementor-post__excerpt\">\n\t\t\t<p>Lorem ipsum dolor sit amet, consectetur adipiscing elit. Phasellus ut volutpat dui. Aenean nibh odio, fermentum ultricies sapien nec, fringilla cursus ante. Fusce auctor purus<\/p>\n\t\t<\/div>\n\t\t\n\t\t<a class=\"elementor-post__read-more\" href=\"https:\/\/hotel-gamper.ch\/fr\/camera\/chambre-double-avec-terrasse\/\" aria-label=\"En savoir plus sur Chambre double avec terrasse\" tabindex=\"-1\" >\n\t\t\tEn savoir plus \"\t\t<\/a>\n\n\t\t\t\t<\/div>\n\t\t\t\t\t<\/div>\n\t\t<\/article>\n\t\t\t\t<article class=\"elementor-post elementor-grid-item post-660 camera type-camera status-publish has-post-thumbnail hentry\" role=\"listitem\">\n\t\t\t<div class=\"elementor-post__card\">\n\t\t\t\t<a class=\"elementor-post__thumbnail__link\" href=\"https:\/\/hotel-gamper.ch\/fr\/camera\/chambre-double-avec-lits-simples\/\" tabindex=\"-1\" ><div class=\"elementor-post__thumbnail\"><img loading=\"lazy\" decoding=\"async\" width=\"300\" height=\"225\" src=\"https:\/\/hotel-gamper.ch\/wp-content\/uploads\/sites\/97\/2023\/05\/215211337-300x225.jpg\" class=\"attachment-medium size-medium wp-image-570\" alt=\"\" srcset=\"https:\/\/hotel-gamper.ch\/wp-content\/uploads\/sites\/97\/2023\/05\/215211337-300x225.jpg 300w, https:\/\/hotel-gamper.ch\/wp-content\/uploads\/sites\/97\/2023\/05\/215211337-1024x768.jpg 1024w, https:\/\/hotel-gamper.ch\/wp-content\/uploads\/sites\/97\/2023\/05\/215211337-768x576.jpg 768w, https:\/\/hotel-gamper.ch\/wp-content\/uploads\/sites\/97\/2023\/05\/215211337.jpg 1200w\" sizes=\"(max-width: 300px) 100vw, 300px\" \/><\/div><\/a>\n\t\t\t\t<div class=\"elementor-post__text\">\n\t\t\t\t<h3 class=\"elementor-post__title\">\n\t\t\t<a href=\"https:\/\/hotel-gamper.ch\/fr\/camera\/chambre-double-avec-lits-simples\/\" >\n\t\t\t\tChambre double avec lits simples\t\t\t<\/a>\n\t\t<\/h3>\n\t\t\t\t<div class=\"elementor-post__excerpt\">\n\t\t\t<p>Lorem ipsum dolor sit amet, consectetur adipiscing elit. Phasellus ut volutpat dui. Aenean nibh odio, fermentum ultricies sapien nec, fringilla cursus ante. Fusce auctor purus<\/p>\n\t\t<\/div>\n\t\t\n\t\t<a class=\"elementor-post__read-more\" href=\"https:\/\/hotel-gamper.ch\/fr\/camera\/chambre-double-avec-lits-simples\/\" aria-label=\"En savoir plus sur Chambre double avec lits simples\" tabindex=\"-1\" >\n\t\t\tEn savoir plus \"\t\t<\/a>\n\n\t\t\t\t<\/div>\n\t\t\t\t\t<\/div>\n\t\t<\/article>\n\t\t\t\t<article class=\"elementor-post elementor-grid-item post-657 camera type-camera status-publish has-post-thumbnail hentry\" role=\"listitem\">\n\t\t\t<div class=\"elementor-post__card\">\n\t\t\t\t<a class=\"elementor-post__thumbnail__link\" href=\"https:\/\/hotel-gamper.ch\/fr\/camera\/chambre-double-budget\/\" tabindex=\"-1\" ><div class=\"elementor-post__thumbnail\"><img loading=\"lazy\" decoding=\"async\" width=\"300\" height=\"169\" src=\"https:\/\/hotel-gamper.ch\/wp-content\/uploads\/sites\/97\/2023\/05\/268869795-300x169.jpg\" class=\"attachment-medium size-medium wp-image-566\" alt=\"\" srcset=\"https:\/\/hotel-gamper.ch\/wp-content\/uploads\/sites\/97\/2023\/05\/268869795-300x169.jpg 300w, https:\/\/hotel-gamper.ch\/wp-content\/uploads\/sites\/97\/2023\/05\/268869795-1024x576.jpg 1024w, https:\/\/hotel-gamper.ch\/wp-content\/uploads\/sites\/97\/2023\/05\/268869795-768x432.jpg 768w, https:\/\/hotel-gamper.ch\/wp-content\/uploads\/sites\/97\/2023\/05\/268869795.jpg 1280w\" sizes=\"(max-width: 300px) 100vw, 300px\" \/><\/div><\/a>\n\t\t\t\t<div class=\"elementor-post__text\">\n\t\t\t\t<h3 class=\"elementor-post__title\">\n\t\t\t<a href=\"https:\/\/hotel-gamper.ch\/fr\/camera\/chambre-double-budget\/\" >\n\t\t\t\tChambre double budget\t\t\t<\/a>\n\t\t<\/h3>\n\t\t\t\t<div class=\"elementor-post__excerpt\">\n\t\t\t<p>Lorem ipsum dolor sit amet, consectetur adipiscing elit. Phasellus ut volutpat dui. Aenean nibh odio, fermentum ultricies sapien nec, fringilla cursus ante. Fusce auctor purus<\/p>\n\t\t<\/div>\n\t\t\n\t\t<a class=\"elementor-post__read-more\" href=\"https:\/\/hotel-gamper.ch\/fr\/camera\/chambre-double-budget\/\" aria-label=\"En savoir plus sur Chambre double budget\" tabindex=\"-1\" >\n\t\t\tEn savoir plus \"\t\t<\/a>\n\n\t\t\t\t<\/div>\n\t\t\t\t\t<\/div>\n\t\t<\/article>\n\t\t\t\t<\/div>\n\t\t\n\t\t\t\t\t\t<\/div>\n\t\t\t\t<\/div>\n\t\t\t\t\t<\/div>\n\t\t<\/div>\n\t\t\t\t\t<\/div>\n\t\t<\/section>\n\t\t\t\t<\/div>\n\t\t","protected":false},"excerpt":{"rendered":"<p>D\u00e9couvrez nos chambres D\u00e9couvrez et v\u00e9rifiez la disponibilit\u00e9 des chambres<\/p>\n","protected":false},"author":3,"featured_media":0,"parent":0,"menu_order":0,"comment_status":"closed","ping_status":"open","template":"elementor_header_footer","meta":{"_acf_changed":false,"_seopress_robots_primary_cat":"","_seopress_titles_title":"","_seopress_titles_desc":"","_seopress_robots_index":"","footnotes":""},"class_list":["post-611","page","type-page","status-publish","hentry"],"acf":[],"_links":{"self":[{"href":"https:\/\/hotel-gamper.ch\/fr\/wp-json\/wp\/v2\/pages\/611","targetHints":{"allow":["GET"]}}],"collection":[{"href":"https:\/\/hotel-gamper.ch\/fr\/wp-json\/wp\/v2\/pages"}],"about":[{"href":"https:\/\/hotel-gamper.ch\/fr\/wp-json\/wp\/v2\/types\/page"}],"author":[{"embeddable":true,"href":"https:\/\/hotel-gamper.ch\/fr\/wp-json\/wp\/v2\/users\/3"}],"replies":[{"embeddable":true,"href":"https:\/\/hotel-gamper.ch\/fr\/wp-json\/wp\/v2\/comments?post=611"}],"version-history":[{"count":0,"href":"https:\/\/hotel-gamper.ch\/fr\/wp-json\/wp\/v2\/pages\/611\/revisions"}],"wp:attachment":[{"href":"https:\/\/hotel-gamper.ch\/fr\/wp-json\/wp\/v2\/media?parent=611"}],"curies":[{"name":"wp","href":"https:\/\/api.w.org\/{rel}","templated":true}]}}